{"id":522,"date":"2023-09-07T18:21:31","date_gmt":"2023-09-07T18:21:31","guid":{"rendered":"https:\/\/www.h-result.es\/politica-de-privacitat\/"},"modified":"2023-12-01T10:24:39","modified_gmt":"2023-12-01T10:24:39","slug":"politica-de-privacitat","status":"publish","type":"page","link":"https:\/\/www.h-result.es\/ca\/politica-de-privacitat\/","title":{"rendered":"Pol\u00edtica de privacitat"},"content":{"rendered":"\t\t<div data-elementor-type=\"wp-page\" data-elementor-id=\"522\" class=\"elementor elementor-522 elementor-3\" data-elementor-post-type=\"page\">\n\t\t\t\t\t\t\t<div class=\"elementor-element elementor-element-80aa397 e-con-full e-flex e-con\" data-id=\"80aa397\" data-element_type=\"container\" data-settings=\"{&quot;content_width&quot;:&quot;full&quot;,&quot;background_background&quot;:&quot;classic&quot;}\">\n\t\t\t\t<div class=\"elementor-element elementor-element-8e6fbf1 elementor-widget elementor-widget-heading\" data-id=\"8e6fbf1\" data-element_type=\"widget\" data-widget_type=\"heading.default\">\n\t\t\t\t<div class=\"elementor-widget-container\">\n\t\t\t<style>\/*! elementor - v3.15.0 - 20-08-2023 *\/\n.elementor-heading-title{padding:0;margin:0;line-height:1}.elementor-widget-heading .elementor-heading-title[class*=elementor-size-]>a{color:inherit;font-size:inherit;line-height:inherit}.elementor-widget-heading .elementor-heading-title.elementor-size-small{font-size:15px}.elementor-widget-heading .elementor-heading-title.elementor-size-medium{font-size:19px}.elementor-widget-heading .elementor-heading-title.elementor-size-large{font-size:29px}.elementor-widget-heading .elementor-heading-title.elementor-size-xl{font-size:39px}.elementor-widget-heading .elementor-heading-title.elementor-size-xxl{font-size:59px}<\/style><h1 class=\"elementor-heading-title elementor-size-default\">Pol\u00edtica de privacitat<\/h1>\t\t<\/div>\n\t\t\t\t<\/div>\n\t\t\t\t<\/div>\n\t\t<div class=\"elementor-element elementor-element-3ee6426 e-con-full e-flex e-con\" data-id=\"3ee6426\" data-element_type=\"container\" data-settings=\"{&quot;content_width&quot;:&quot;full&quot;}\">\n\t\t\t\t<div class=\"elementor-element elementor-element-5c22c5a elementor-widget elementor-widget-text-editor\" data-id=\"5c22c5a\" data-element_type=\"widget\" data-widget_type=\"text-editor.default\">\n\t\t\t\t<div class=\"elementor-widget-container\">\n\t\t\t<style>\/*! elementor - v3.15.0 - 20-08-2023 *\/\n.elementor-widget-text-editor.elementor-drop-cap-view-stacked .elementor-drop-cap{background-color:#69727d;color:#fff}.elementor-widget-text-editor.elementor-drop-cap-view-framed .elementor-drop-cap{color:#69727d;border:3px solid;background-color:transparent}.elementor-widget-text-editor:not(.elementor-drop-cap-view-default) .elementor-drop-cap{margin-top:8px}.elementor-widget-text-editor:not(.elementor-drop-cap-view-default) .elementor-drop-cap-letter{width:1em;height:1em}.elementor-widget-text-editor .elementor-drop-cap{float:left;text-align:center;line-height:1;font-size:50px}.elementor-widget-text-editor .elementor-drop-cap-letter{display:inline-block}<\/style>\t\t\t\t<h2>TITULAR DE LA WEB<\/h2>\n<ul>\n<li>Denominaci\u00f3 social: Very Clever S.L. (d&#8217;ara endavant H-RESULT).<\/li>\n<li>Correu electr\u00f2nic: jordi@h-result.es<\/li>\n<li>Lloc web: <a href=\"https:\/\/www.h-result.es\/ca\/\">https:\/\/www.h-result.es\/<\/a><\/li>\n<\/ul>\n<h2>&nbsp;<\/h2>\n<h2>RESPONSABLE DEL TRACTAMENT<\/h2>\n<p><strong>Dades de contacte del responsable<\/strong>: Jordi Sahis i correu electr\u00f2nic de contacte <a href=\"mailto:jordi@h-result.es\">jordi@h-result.es<\/a><\/p>\n<h3>&nbsp;<\/h3>\n<h2>ELS TEUS DRETS DE PROTECCI\u00d3 DE DADES<\/h2>\n<p><strong>Com exercitar els teus drets<\/strong>: Pots adre\u00e7ar una comunicaci\u00f3 per escrit al domicili social d&#8217;H-RESULT oa l&#8217;adre\u00e7a de correu electr\u00f2nic indicada a l&#8217;encap\u00e7alament d&#8217;aquesta p\u00e0gina, incloent en tots dos casos fotoc\u00f2pia del DNI o un altre document identificatiu similar, per sol\u00b7licitar l&#8217;exercici dels drets seg\u00fcents:<\/p>\n<ul>\n<li><strong>Dret a sol\u00b7licitar l&#8217;acc\u00e9s a les dades personals<\/strong>: podreu preguntar a H-RESULT est\u00e0 tractant les vostres dades.<\/li>\n<li><strong>Dret a sol\u00b7licitar-ne la rectificaci\u00f3<\/strong>&nbsp;(en cas que siguin incorrectes).<\/li>\n<li><strong>Dret a sol\u00b7licitar la limitaci\u00f3 del seu tractament<\/strong>, cas en qu\u00e8 \u00fanicament seran conservats per H-RESULT per a l&#8217;exercici o la defensa de reclamacions.<\/li>\n<li><strong>Dret a oposar-te al tractament<\/strong>: H-RESULT deixar\u00e0 de tractar les dades de la manera que indiquis, llevat que per motius leg\u00edtims imperiosos o l&#8217;exercici o la defensa de possibles reclamacions s&#8217;hagin de seguir tractant.<\/li>\n<li><strong>Dret a la portabilitat de les dades<\/strong>: en cas que vulguis que les teves dades siguin tractades per una altra signatura, H-RESULT et facilitar\u00e0 la portabilitat de les teves dades al nou responsable.<\/li>\n<li><strong>Dret a esborrar les dades<\/strong>: i excepte imperatiu legal s&#8217;esborraran despr\u00e9s de la confirmaci\u00f3.<\/li>\n<\/ul>\n<div>&nbsp;<\/div>\n<p><strong>Models, formularis i m\u00e9s informaci\u00f3 sobre els teus drets:<\/strong>&nbsp;<a href=\"https:\/\/www.aepd.es\/index.html\" target=\"_blank\" rel=\"nofollow noopener noreferrer\">P\u00e0gina oficial de l&#8217;Ag\u00e8ncia Espanyola de Protecci\u00f3 de Dades<\/a><\/p>\n<p><strong>Possibilitat de retirar el consentiment:<\/strong>&nbsp;en cas que hagis atorgat el consentiment per a alguna finalitat espec\u00edfica, tens dret a retirar-lo en qualsevol moment, sense que aix\u00f2 afecti la licitud del tractament basat en el consentiment previ a la seva retirada.<\/p>\n<p><strong>Com reclamar davant l&#8217;Autoritat de Control<\/strong> Si consideres que hi ha un problema amb la manera com H-RESULT est\u00e0 manejant les teves dades, pots dirigir les teves reclamacions al Responsable de Seguretat de H-RESULT (indicat a dalt) oa l&#8217;autoritat de protecci\u00f3 de dades que correspongui, <a href=\"https:\/\/www.agpd.es\/\" rel=\"nofollow noopener\" target=\"_blank\">i l&#8217;Ag\u00e8ncia Espanyola de Protecci\u00f3 de Dades,<\/a>la indicada en el cas d&#8217;Espanya.<\/p>\n<h4>Dret a l&#8217;oblit i acc\u00e9s a les vostres dades personals<\/h4>\n<p>En tot moment tindr\u00e0s dret a revisar, recuperar, anonimitzar i\/o esborrar, totalment o parcialment, les dades emmagatzemades al Lloc Web. Nom\u00e9s has d&#8217;enviar un correu electr\u00f2nic a <a href=\"mailto:jordi@h-result.es\">jordi@h-result.es<\/a>&nbsp;i sol\u00b7licitar-ho. <\/p>\n<h4>Conservaci\u00f3 de les dades<\/h4>\n<p><strong>Dades desagregades:<\/strong>&nbsp;Les dades desagregades seran conservades sense termini de supressi\u00f3.<\/p>\n<p><strong>Datos de los clientes del sitio web:<\/strong>&nbsp;El per\u00edode de conservaci\u00f3 de les dades personals variar\u00e0 en funci\u00f3 del servei que el client contracti el nostre lloc web. <\/p>\n<ul>\n<li>4 anys:&nbsp;Llei sobre Infraccions i Sancions a l&#8217;Ordre Social (obligacions en mat\u00e8ria d&#8217;afiliaci\u00f3, altes, baixes, cotitzaci\u00f3, pagament de salaris\u2026); Arts. 66 i seg.&nbsp;Llei General Tribut\u00e0ria (llibres de comptabilitat\u2026); <\/li>\n<li>5 anys: Art. 1964 Codi Civil (accions personals sense termini especial)<\/li>\n<li>6 anys: Art. 30 Codi de Comer\u00e7 (llibres de comptabilitat, factures\u2026)<\/li>\n<li>10 anys: Art. 25 Llei de Prevenci\u00f3 del Blanqueig de Capitals i Finan\u00e7ament del Terrorisme.<\/li>\n<\/ul>\n<div>&nbsp;<\/div>\n<p><strong>Dades dels subscriptors al feed per e-mail:<\/strong>&nbsp;Des que lusuari se subscriu fins que es d\u00f3na de baixa.<\/p>\n<p><strong>Dades dels subscriptors a la newsletter:<\/strong>&nbsp;Des que lusuari se subscriu fins que es d\u00f3na de baixa.<\/p>\n<p><strong>Dades d&#8217;usuaris pujades per Bisnis a p\u00e0gines i perfils a&nbsp;xarxes socials:<\/strong>&nbsp;Des que lusuari ofereix el seu consentiment fins que el retira.<\/p>\n<h4>Secret i seguretat de les dades<\/h4>\n<p><span style=\"color: var( --e-global-color-text ); font-family: var( --e-global-typography-text-font-family ), Sans-serif; font-size: var( --e-global-typography-text-font-size ); font-weight: var( --e-global-typography-text-font-weight ); text-align: var(--text-align);\">H-RESULT <\/span>es compromet a la utilitzaci\u00f3 de les dades, a <strong>respectar-ne la confidencialitat<\/strong>&nbsp;i a utilitzar-los d&#8217;acord amb la finalitat d&#8217;aquests, aix\u00ed com a donar compliment a la seva obligaci\u00f3 de guardar-los i adaptar totes les mesures per evitar l&#8217;alteraci\u00f3, la p\u00e8rdua, el tractament o l&#8217;acc\u00e9s no autoritzat, de conformitat amb el que estableix el Reial decret 1720\/ 2007, de 21 de desembre, pel qual s&#8217;aprova el Reglament de desplegament de la Llei Org\u00e0nica 15\/1999 de 13 de desembre, de Protecci\u00f3 de Dades de Car\u00e0cter Personal. \u200b<\/p>\n<p>Tu garanteixes que les dades personals facilitades a trav\u00e9s dels formularis s\u00f3n veraces, quedant obligat a comunicar-ne qualsevol modificaci\u00f3.<\/p>\n<p>Igualment, garanteixes que tota la informaci\u00f3 facilitada correspon a la teva situaci\u00f3 real, que est\u00e0 posada al dia i \u00e9s exacta. A m\u00e9s, has de mantenir en tot moment les teves dades actualitzades, sent l&#8217;\u00fanic responsable de la inexactitud o falsedat de les dades facilitades i dels perjudicis que pugui causar per aix\u00f2 a H-RESULT com a titular d&#8217;H-RESULT, oa tercers amb motiu de la utilitzaci\u00f3 de dit. <\/p>\n<h4>Bretxes de seguretat<\/h4>\n<p>H-RESULT adopta mesures de seguretat raonablement adequades per detectar l&#8217;exist\u00e8ncia de virus, atacs de for\u00e7a bruta i injeccions de codi.<\/p>\n<p>No obstant aix\u00f2, has de ser conscient que les mesures de seguretat dels sistemes inform\u00e0tics a Internet no s\u00f3n completament fiables i que, per tant, H-RESULT no pot garantir la inexist\u00e8ncia de virus o altres elements que puguin produir alteracions en els sistemes inform\u00e0tics (programari i maquinari) de l&#8217;Usuari o als seus documents electr\u00f2nics i fitxers continguts en aquests.<\/p>\n<p>Tot i aix\u00f2, per tractar de&nbsp;<strong>garantir la seguretat i privadesa de les teves dades personals<\/strong>, AjudaWP disposa d&#8217;un sistema de vigil\u00e0ncia de seguretat actiu que informa de cada activitat dels usuaris i possibles bretxes en la seguretat de les dades dels usuaris. En cas de detectar-se alguna bretxa, Bisnis es compromet a \u200b &nbsp;<strong>informar els usuaris en el termini m\u00e0xim de 72 hores<\/strong>.<\/p>\n<h3>&nbsp;<\/h3>\n<h2>QUINA INFORMACI\u00d3 RECAPTEM DELS USUARIS I PER A QU\u00c8 ELS UTILITZEM<\/h2>\n<p>Tots els productes i serveis oferts al lloc web H-RESULT remeten a formularis de contacte, formularis de comentaris i formularis per efectuar registres dusuari, subscripci\u00f3 a newsletter i\/o en algun cas comandes de compra.<\/p>\n<p>Aquest lloc web sempre requereix el consentiment previ dels usuaris per tractar les dades personals amb els fins indicats. Teniu dret a revocar el vostre consentiment previ en qualsevol moment. <\/p>\n<h4>Registre d&#8217;activitats de tractament de les dades<\/h4>\n<p><strong>Web y hosting:<\/strong>&nbsp; H-RESULT compta amb un xifrat SSL TLS v.1.2 que permet l&#8217;enviament segur de dades personals a trav\u00e9s de formularis de contacte de tipus est\u00e0ndard, allotjats als servidors que H-RESULT ha contractat a <a href=\"https:\/\/www.siteground.es\/\" rel=\"nofollow noopener\" target=\"_blank\">SiteGround&nbsp;Espa\u00f1a<\/a>.<\/p>\n<p><strong>Dades recollides a trav\u00e9s del web<\/strong>: Les dades personals recollides seran objecte de tractament automatitzat i incorporades als corresponents fitxers de qu\u00e8 H-RESULT \u00e9s titular.<\/p>\n<ul>\n<li>Ens arribar\u00e0 la teva IP, que ser\u00e0 utilitzada per comprovar l&#8217;origen del missatge per tal d&#8217;oferir-te informaci\u00f3, protecci\u00f3 contra comentaris SPAM i per detectar possibles irregularitats (per exemple: parts oposades del mateix cas escriuen al lloc web des de la mateixa IP), aix\u00ed com a dades relatives al seu ISP.<\/li>\n<li>Aix\u00ed mateix, podr\u00e0s facilitar-nos les teves dades a trav\u00e9s correu electr\u00f2nic i altres mitjans de comunicaci\u00f3 indicats a la secci\u00f3 de&nbsp;<a href=\"https:\/\/h-result.es\/ca\/contacte\/\" target=\"_blank\">contacte<\/a>.<\/li>\n<\/ul>\n<div>&nbsp;<\/div>\n<p><strong>Formulari de comentaris o contacte<\/strong>: A la web hi ha la possibilitat que els usuaris deixin comentaris a les publicacions del lloc. Hi ha una galeta que emmagatzema les dades facilitades per l&#8217;usuari perqu\u00e8 no hagi de tornar a introduir-les a cada nova visita ia m\u00e9s es recullen internament l&#8217;adre\u00e7a de correu electr\u00f2nic, nom, web i l&#8217;adre\u00e7a IP. <\/p>\n<p>Les dades estan emmagatzemades als servidors de SiteGround Spain S.L.<\/p>\n<p><strong>Registre d&#8217;usuaris<\/strong>: No s&#8217;admeten tret de petici\u00f3 expressa.<\/p>\n<p><span style=\"color: var( --e-global-color-text ); font-family: var( --e-global-typography-text-font-family ), Sans-serif; font-size: var( --e-global-typography-text-font-size ); font-weight: var( --e-global-typography-text-font-weight ); text-align: var(--text-align);\">Les dades estan emmagatzemades als servidors de SiteGround Spain S.L.<\/span><\/p>\n<p>Recopilar\u00edem informaci\u00f3 sobre tu durant el proc\u00e9s de pagament a la nostra botiga. Aquesta informaci\u00f3 podria incloure, i no nom\u00e9s aix\u00f2, el teu nom, adre\u00e7a, correu electr\u00f2nic, tel\u00e8fon, detalls de pagament i d&#8217;altres necessaris per poder processar les comandes. La gesti\u00f3 d&#8217;aquestes dades ens permetr\u00e0:  <\/p>\n<ul>\n<li>Enviar informaci\u00f3 important del teu compte\/comanda\/servei.<\/li>\n<li>Respondre les teves peticions, queixes i sol\u00b7licituds de reemborsament.<\/li>\n<li>Processar pagaments i evitar transaccions fraudulentes.<\/li>\n<li>Configurar i administrar el teu compte, donar-te servei t\u00e8cnic i de client i verificar la teva identitat.<\/li>\n<\/ul>\n<div>&nbsp;<\/div>\n<p>Addicionalment, potser tamb\u00e9 recopilem la seg\u00fcent informaci\u00f3:<\/p>\n<ul>\n<li>Ubicaci\u00f3 i dades de tr\u00e0nsit (inclosa l&#8217;adre\u00e7a IP i el navegador) si feu una comanda, o si necessiteu estimar impostos i costos d&#8217;enviament basats en la vostra ubicaci\u00f3.<\/li>\n<li>P\u00e0gines de producte visitades i contingut visualitzat mentre la vostra sessi\u00f3 est\u00e0 activa.<\/li>\n<li>Els teus comentaris i ressenyes de productes si tries deixar-les.<\/li>\n<li>Adre\u00e7a d&#8217;enviament si demaneu costos d&#8217;enviament abans de fer la compra mentre la vostra sessi\u00f3 est\u00e0 activa.<\/li>\n<li>Galetes essencials per fer el seguiment dels continguts de la cistella mentre la teva sessi\u00f3 est\u00e0 activa.<\/li>\n<li>Correu i contrasenya del teu compte per permetre&#8217;t accedir al teu compte, si en tens un.<\/li>\n<li>Si crees un compte guardem el teu nom, adre\u00e7a i tel\u00e8fon, per fer-los servir en les teves futures comandes.<\/li>\n<\/ul>\n<div>&nbsp;<\/div>\n<p><strong>Formularis de subscripci\u00f3 a Newsletter<\/strong>:&nbsp;H-RESULT utilitza el servei d&#8217;enviament de newsletters (butlletins per correu electr\u00f2nic) de <a href=\"https:\/\/www.mailchimp.com\" target=\"_blank\" rel=\"noopener\">Mailchimp<\/a>, empresa ubicada a Estats Units, que emmagatzema les teves dades de correu electr\u00f2nic, nom i acceptaci\u00f3 de la subscripci\u00f3. Pots anul\u00b7lar en qualsevol moment la subscripci\u00f3 al butllet\u00ed mitjan\u00e7ant un enlla\u00e7 espec\u00edfic situat al fons de cada enviament que rebis<\/p>\n<p><strong>Correu electr\u00f2nic:<\/strong>&nbsp;El nostre prestador de serveis de correu electr\u00f2nic \u00e9s <a href=\"https:\/\/www.siteground.com\" target=\"_blank\" rel=\"noopener\">Siteground<\/a>, i treballem tamb\u00e9 amb Google Inc, a trav\u00e9s de <a href=\"https:\/\/www.gmail.com\" target=\"_blank\" rel=\"noopener\">GMAIL<\/a><\/p>\n<p><strong>Missatgeria instant\u00e0nia<\/strong>: H-RESULT pot prestar servei a trav\u00e9s de missatgeria instant\u00e0nia com, per exemple, WhatsApp, Facebook Messenger o Line sempre que l&#8217;usuari ho requereixi<\/p>\n<p><strong>Prestadors de serveis de pagament<\/strong>: Actualment <a href=\"https:\/\/www.h-result.es\/ca\/\">www.h-result.es<\/a> no utilitza cap servei de pagament en l\u00ednia.<\/p>\n<h3>&nbsp;<\/h3>\n<h4>Contingut incrustat des d&#8217;altres webs<\/h4>\n<p>Els articles de H-RESULT poden incloure contingut incrustat (p.ex. v\u00eddeos, imatges, articles, etc.). El contingut incrustat des d&#8217;altres webs es comporta de la mateixa manera que si el visitant ha visitat l&#8217;altra web. Aquestes webs poden recopilar dades sobre tu, utilitzar cookies, incrustar seguiment de tercers, i vigilar la teva interacci\u00f3 amb el contingut incrustat, incl\u00f2s el seguiment de la teva interacci\u00f3 amb el contingut incrustat si tens un compte o est\u00e0s connectat a aquest web.  <\/p>\n<p><strong>Altres serveis<\/strong>: Certs serveis prestats a trav\u00e9s del lloc web H-RESULT poden contenir condicions particulars amb previsions espec\u00edfiques en mat\u00e8ria de protecci\u00f3 de dades personals. Se&#8217;n fa indispensable la lectura i l&#8217;acceptaci\u00f3 amb car\u00e0cter previ a la sol\u00b7licitud del servei de qu\u00e8 es tracti. <\/p>\n<p><strong>Finalitat i legitimaci\u00f3:<\/strong>&nbsp;La finalitat del tractament d&#8217;aquestes dades ser\u00e0 \u00fanicament la de prestar-vos la informaci\u00f3 o serveis que ens sol\u00b7liciteu.<\/p>\n<h3>&nbsp;<\/h3>\n<h4>Xarxes socials<\/h4>\n<ul>\n<li><strong>Pres\u00e8ncia a xarxes<\/strong>: H-RESULT compta amb perfils en algunes de les principals xarxes socials d&#8217;Internet.<\/li>\n<li><strong>Finalitat i legitimaci\u00f3<\/strong>: El tractament que H-RESULT dur\u00e0 a terme amb les dades dins de cadascuna de les referides xarxes ser\u00e0, com a m\u00e0xim, el que la xarxa social permeti als perfils corporatius. Aix\u00ed, doncs, H-RESULT podr\u00e0 informar, quan la llei no ho prohibeixi, els seus seguidors per qualsevol via que la xarxa social permeti sobre les seves activitats, pon\u00e8ncies, ofertes, aix\u00ed com prestar servei personalitzat d&#8217;atenci\u00f3 al client. <\/li>\n<li><strong>Extracci\u00f3 de dades<\/strong>: En cap cas H-RESULT extraur\u00e0 dades de les xarxes socials, llevat que s&#8217;obtingu\u00e9s puntual i expressament el consentiment de l&#8217;usuari.<\/li>\n<li><strong>Drets<\/strong>: Quan, a causa de la pr\u00f2pia naturalesa de les xarxes socials, l&#8217;exercici efectiu dels drets de protecci\u00f3 de dades del seguidor quedi supeditat a la modificaci\u00f3 del perfil personal d&#8217;aquest, H-RESULT t&#8217;ajudar\u00e0 i aconsellar\u00e0 amb aquesta finalitat en la mesura possibilitats.<\/li>\n<\/ul>\n<h3>&nbsp;<\/h3>\n<h4>Encarregats del tractament fora de la UE<\/h4>\n<ul>\n<li><strong>Emmagatzematge&nbsp;i xifrat.<\/strong> H-RESULT utilitza serveis d&#8217;emmagatzematge xifrat de <a href=\"https:\/\/www.google.com\/intl\/es\/about\/company\/\" target=\"_blank\" rel=\"noopener nofollow noreferrer\">Google Inc<\/a>&nbsp;a trav\u00e9s de&nbsp;<a href=\"https:\/\/www.google.com\/intl\/es_es\/drive\/\" target=\"_blank\" rel=\"noopener nofollow noreferrer\">Google Drive<\/a>.<\/li>\n<li><strong>Correu electr\u00f2nic.<\/strong> El servei de correu electr\u00f2nic d&#8217;H-RESULT es presta usant els serveis de <a href=\"https:\/\/www.google.es\/intl\/es\/about\/\" target=\"_blank\" rel=\"noopener nofollow noreferrer\">Google Inc.<\/a>&nbsp;a trav\u00e9s de Google Apps.<\/li>\n<li><strong>Xarxes socials.<\/strong> H-RESULT fa \u00fas de les xarxes socials nord-americanes YouTube, Facebook i Twitter, Google+, Instagram i Linkedin a qui es realitza una transfer\u00e8ncia internacional de dades, de tipus anal\u00edtics i t\u00e8cnics en relaci\u00f3 amb el lloc web sent als seus servidors on H -RESULT tracta les dades que, a trav\u00e9s seu, els usuaris, subscriptors o navegants lliuren a la signatura H-RESULT o comparteixen amb aquesta.<\/li>\n<li><strong>Prestadors de pagament.<\/strong> Actualment H-RESULT no t\u00e9 activats mecanismes de pagament en l\u00ednia<\/li>\n<\/ul>\n<h3>&nbsp;<\/h3>\n<h4>Compromisos i obligacions amb els nostres usuaris<\/h4>\n<p>L&#8217;acc\u00e9s i\/o \u00fas d&#8217;H-RESULT atribueix a qui el realitza la condici\u00f3 d&#8217;usuari, acceptant, des d&#8217;aquest mateix moment, plenament i sense cap reserva, aquest av\u00eds legal en relaci\u00f3 amb determinats serveis i continguts d&#8217;H-RESULT.<\/p>\n<p>En la utilitzaci\u00f3 d&#8217;H-RESULT l&#8217;usuari es compromet a no dur a terme cap conducta que pogu\u00e9s fer malb\u00e9 la imatge, els interessos i els drets de H-RESULT o de tercers o que pogu\u00e9s danyar, inutilitzar o sobrecarregar el portal H-RESULT o que imped\u00eds, de qualsevol manera, la utilitzaci\u00f3 normal de H-RESULT.<\/p>\t\t\t\t\t\t<\/div>\n\t\t\t\t<\/div>\n\t\t\t\t<\/div>\n\t\t\t\t\t\t\t<\/div>\n\t\t","protected":false},"excerpt":{"rendered":"<p>Pol\u00edtica de privacitat TITULAR DE LA WEB Denominaci\u00f3 social: Very Clever S.L. (d&#8217;ara endavant H-RESULT). Correu electr\u00f2nic: jordi@h-result.es Lloc web: https:\/\/www.h-result.es\/ &nbsp; RESPONSABLE DEL TRACTAMENT Dades de contacte del responsable: Jordi Sahis i correu electr\u00f2nic de contacte jordi@h-result.es &nbsp; ELS TEUS DRETS DE PROTECCI\u00d3 DE DADES Com exercitar els teus drets: Pots adre\u00e7ar una comunicaci\u00f3 [&hellip;]<\/p>\n","protected":false},"author":1,"featured_media":0,"parent":0,"menu_order":0,"comment_status":"closed","ping_status":"closed","template":"","meta":{"footnotes":""},"_links":{"self":[{"href":"https:\/\/www.h-result.es\/ca\/wp-json\/wp\/v2\/pages\/522"}],"collection":[{"href":"https:\/\/www.h-result.es\/ca\/wp-json\/wp\/v2\/pages"}],"about":[{"href":"https:\/\/www.h-result.es\/ca\/wp-json\/wp\/v2\/types\/page"}],"author":[{"embeddable":true,"href":"https:\/\/www.h-result.es\/ca\/wp-json\/wp\/v2\/users\/1"}],"replies":[{"embeddable":true,"href":"https:\/\/www.h-result.es\/ca\/wp-json\/wp\/v2\/comments?post=522"}],"version-history":[{"count":3,"href":"https:\/\/www.h-result.es\/ca\/wp-json\/wp\/v2\/pages\/522\/revisions"}],"predecessor-version":[{"id":657,"href":"https:\/\/www.h-result.es\/ca\/wp-json\/wp\/v2\/pages\/522\/revisions\/657"}],"wp:attachment":[{"href":"https:\/\/www.h-result.es\/ca\/wp-json\/wp\/v2\/media?parent=522"}],"curies":[{"name":"wp","href":"https:\/\/api.w.org\/{rel}","templated":true}]}}