{"id":516,"date":"2023-09-13T08:06:16","date_gmt":"2023-09-13T08:06:16","guid":{"rendered":"https:\/\/www.h-result.es\/politica-de-cookies\/"},"modified":"2023-10-04T10:37:09","modified_gmt":"2023-10-04T10:37:09","slug":"politica-de-cookies","status":"publish","type":"page","link":"https:\/\/www.h-result.es\/ca\/politica-de-cookies\/","title":{"rendered":"Pol\u00edtica de cookies"},"content":{"rendered":"\t\t<div data-elementor-type=\"wp-page\" data-elementor-id=\"516\" class=\"elementor elementor-516 elementor-321\" data-elementor-post-type=\"page\">\n\t\t\t\t\t\t\t<div class=\"elementor-element elementor-element-64178dd e-con-full e-flex e-con\" data-id=\"64178dd\" data-element_type=\"container\" data-settings=\"{&quot;content_width&quot;:&quot;full&quot;,&quot;background_background&quot;:&quot;classic&quot;}\">\n\t\t\t\t<div class=\"elementor-element elementor-element-5ea4e50 elementor-widget elementor-widget-heading\" data-id=\"5ea4e50\" data-element_type=\"widget\" data-widget_type=\"heading.default\">\n\t\t\t\t<div class=\"elementor-widget-container\">\n\t\t\t<style>\/*! elementor - v3.15.0 - 20-08-2023 *\/\n.elementor-heading-title{padding:0;margin:0;line-height:1}.elementor-widget-heading .elementor-heading-title[class*=elementor-size-]>a{color:inherit;font-size:inherit;line-height:inherit}.elementor-widget-heading .elementor-heading-title.elementor-size-small{font-size:15px}.elementor-widget-heading .elementor-heading-title.elementor-size-medium{font-size:19px}.elementor-widget-heading .elementor-heading-title.elementor-size-large{font-size:29px}.elementor-widget-heading .elementor-heading-title.elementor-size-xl{font-size:39px}.elementor-widget-heading .elementor-heading-title.elementor-size-xxl{font-size:59px}<\/style><h1 class=\"elementor-heading-title elementor-size-default\">Pol\u00edtica de cookies<\/h1>\t\t<\/div>\n\t\t\t\t<\/div>\n\t\t\t\t<\/div>\n\t\t<div class=\"elementor-element elementor-element-e861078 e-con-full e-flex e-con\" data-id=\"e861078\" data-element_type=\"container\" data-settings=\"{&quot;content_width&quot;:&quot;full&quot;}\">\n\t\t\t\t<div class=\"elementor-element elementor-element-ce62d4a elementor-widget elementor-widget-text-editor\" data-id=\"ce62d4a\" data-element_type=\"widget\" data-widget_type=\"text-editor.default\">\n\t\t\t\t<div class=\"elementor-widget-container\">\n\t\t\t<style>\/*! elementor - v3.15.0 - 20-08-2023 *\/\n.elementor-widget-text-editor.elementor-drop-cap-view-stacked .elementor-drop-cap{background-color:#69727d;color:#fff}.elementor-widget-text-editor.elementor-drop-cap-view-framed .elementor-drop-cap{color:#69727d;border:3px solid;background-color:transparent}.elementor-widget-text-editor:not(.elementor-drop-cap-view-default) .elementor-drop-cap{margin-top:8px}.elementor-widget-text-editor:not(.elementor-drop-cap-view-default) .elementor-drop-cap-letter{width:1em;height:1em}.elementor-widget-text-editor .elementor-drop-cap{float:left;text-align:center;line-height:1;font-size:50px}.elementor-widget-text-editor .elementor-drop-cap-letter{display:inline-block}<\/style>\t\t\t\t<h2><span id=\"Que_es_una_cookie\">Qu\u00e8 \u00e9s una galeta?<\/span><\/h2>\n<p>Una galeta \u00e9s un fitxer <strong>inofensiu<\/strong> que es descarrega al vostre ordinador en accedir a determinades p\u00e0gines web. Les galetes permeten a una p\u00e0gina web, entre altres coses, emmagatzemar i recuperar informaci\u00f3 sobre els h\u00e0bits de navegaci\u00f3 d&#8217;un usuari o del seu equip i, depenent de la informaci\u00f3 que continguin i de la manera com utilitzi el seu equip. <\/p>\n<p>Aix\u00ed, hi ha galetes que obtenen informaci\u00f3 relacionada amb el nombre de p\u00e0gines visitades, la ciutat a la qual est\u00e0 assignada l&#8217;adre\u00e7a IP des de la qual s&#8217;accedeix, el nombre de nous usuaris, la freq\u00fc\u00e8ncia i reincid\u00e8ncia de les visites, el temps de visita, el navegador, l&#8217;operador o el tipus de terminal des del qual es fa la visita.<\/p>\n<\/p>\n<h2><span id=\"Que_NO_ES_una_cookie\">Qu\u00e8 NO \u00c9S una <em>galeta<\/em>?<\/span><\/h2>\n<p>No \u00e9s un virus, ni un troi\u00e0, ni un cuc, ni spam, ni spyware, ni obre finestres pop-up.<\/p>\n<\/p>\n<h2><span id=\"Que_informacion_almacena_una_cookie\">Quina informaci\u00f3 emmagatzema una <em>galeta<\/em>?<\/span><\/h2>\n<p>Les <em>cookies<\/em> no solen emmagatzemar informaci\u00f3 sensible sobre tu, com ara targetes de cr\u00e8dit o dades banc\u00e0ries, fotografies, el teu DNI o informaci\u00f3 personal, etc. Les dades que guarden s\u00f3n de car\u00e0cter t\u00e8cnic, prefer\u00e8ncies personals, personalitzaci\u00f3 de continguts, etc. <\/p>\n<p>El servidor web no t&#8217;associa com a persona sin\u00f3 al teu navegador web. De fet, si navegues habitualment amb Internet Explorer i proves a navegar per la mateixa web amb Firefox o Chrome veur\u00e0s que la web no s&#8217;adona que ets la mateixa persona perqu\u00e8 en realitat est\u00e0 associant el navegador, no la persona. <\/p>\n<\/p>\n<h2><span id=\"Que_ocurre_si_desactivo_las_cookies\">Qu\u00e8 passa si desactivo les <em>galetes<\/em>?<\/span><\/h2>\n<p>Perqu\u00e8 entenguis l&#8217;abast que pot tenir desactivar les <em>galetes<\/em> te&#8217;n mostrem uns exemples:<\/p>\n<ul>\n<li>No podreu compartir continguts d&#8217;aquesta web a Facebook, Twitter o qualsevol altra xarxa social.<\/li>\n<li>El lloc web no podr\u00e0 adaptar els continguts a les teves prefer\u00e8ncies personals, com sol passar a les botigues en l\u00ednia.<\/li>\n<li>No podr\u00e0s accedir a l&#8217;\u00e0rea personal de la web, com ara <em>El meu compte<\/em>, o <em>El meu perfil<\/em> o <em>Les meves comandes<\/em>.<\/li>\n<li>Botigues online: Et ser\u00e0 impossible fer compres online, hauran de ser telef\u00f2niques o visitant la botiga f\u00edsica si \u00e9s que en disposa.<\/li>\n<li>No ser\u00e0 possible personalitzar les vostres prefer\u00e8ncies geogr\u00e0fiques com franja hor\u00e0ria, divisa o idioma.<\/li>\n<li>El lloc web no podr\u00e0 realitzar anal\u00edtiques web sobre visitants i tr\u00e0nsit a la web, cosa que dificultar\u00e0 que la web sigui competitiva.<\/li>\n<li>No podr\u00e0s escriure al bloc, no podr\u00e0s pujar fotos, publicar comentaris, valorar o puntuar continguts. La web tampoc podr\u00e0 saber si ets un hum\u00e0 o una aplicaci\u00f3 automatitzada que publica <em>spam<\/em>. <\/li>\n<li>No es podr\u00e0 mostrar publicitat sectoritzada, cosa que reduir\u00e0 els ingressos publicitaris de la web.<\/li>\n<li>Totes les xarxes socials usen <em>galetes<\/em>, si les desactives no podr\u00e0s utilitzar cap xarxa social.<\/li>\n<\/ul>\n<h3> <\/h3>\n<h2> <\/h2>\n<h2><span id=\"Que_tipos_de_cookies_hay\">Quins tipus de galetes hi ha?<\/span><\/h2>\n<ol>\n<li>Tipus de galetes segons l&#8217;entitat que gestioni l&#8217;equip o domini des d&#8217;on s&#8217;envien les galetes i tracti les dades que s&#8217;obtinguin, podem distingir:<\/li>\n<\/ol>\n<ul>\n<li><u>Galetes obligat\u00f2ries<\/u>: S\u00f3n aquelles que s&#8217;envien a l&#8217;equip terminal de l&#8217;usuari des d&#8217;un equip o domini gestionat pel mateix editor i des del qual es presta el servei sol\u00b7licitat per l&#8217;usuari.<\/li>\n<li><u>Galetes de tercers<\/u>: S\u00f3n aquelles que s&#8217;envien a l&#8217;equip terminal de l&#8217;usuari des d&#8217;un equip o domini que no \u00e9s gestionat per l&#8217;editor, sin\u00f3 per una altra entitat que tracta les dades obtingudes a trav\u00e9s de les galetes.<\/li>\n<\/ul>\n<div> <\/div>\n<p>En el cas que les cookies siguin instal\u00b7lades des d&#8217;un equip o domini gestionat pel mateix editor per\u00f2 la informaci\u00f3 que es reculli mitjan\u00e7ant aquestes sigui gestionada per un tercer, no poden ser considerades com a cookies pr\u00f2pies.<\/p>\n<\/p>\n<h4><span id=\"WebBeacons\">Web <em>Beacons<\/em><\/span><\/h4>\n<p>Aquest lloc pot albergar tamb\u00e9 <em>web beacons<\/em> (tamb\u00e9 coneguts com a <em>web bugs<\/em>). Els <em>web beacons<\/em> solen ser petites imatges dun p\u00edxel per un p\u00edxel, visibles o invisibles col\u00b7locats dins del codi font de les p\u00e0gines web dun lloc. Els <em>web beacons<\/em> serveixen i s&#8217;utilitzen de manera similar a les <em>galetes<\/em>.  <\/p>\n<p>A m\u00e9s, els <em>web beacons<\/em> solen utilitzar-se per mesurar el tr\u00e0fic dusuaris que visiten una p\u00e0gina web i poder treure un patr\u00f3 dels usuaris dun lloc. Disposes de m\u00e9s informaci\u00f3 sobre els <em>web beacons<\/em> a: <a href=\"http:\/\/es.wikipedia.org\/wiki\/Web_bug\" target=\"_blank\" rel=\"nofollow noopener noreferrer\">Wikipedia<\/a>. <\/p>\n<\/p>\n<h2><span id=\"Que_tipos_de_cookies_se_utilizan_en_este_sitio_web\">Quins tipus de galetes s&#8217;utilitzen en aquest lloc web?<\/span><\/h2>\n<p>En accedir al web d&#8217;H-RESULT t&#8217;informem que si segueixes navegant se t&#8217;instal\u00b7laran diverses cookies pr\u00f2pies per millorar-ne la usabilitat, per\u00f2 en cap cas s&#8217;associen a dades que et poguessin identificar.<\/p>\n<p>Les dades que guarden s\u00f3n de car\u00e0cter t\u00e8cnic, prefer\u00e8ncies personals, personalitzaci\u00f3 de continguts, etc. El servidor web no us associa com a persona, sin\u00f3 al vostre navegador web. <\/p>\n<p>Aquest web s&#8217;utilitza galetes pr\u00f2pies per aconseguir que tinguis una millor experi\u00e8ncia de navegaci\u00f3, puguis compartir contingut a xarxes socials, deixar comentaris, etc.<\/p>\n<p>Com a usuari, pots rebutjar el tractament de les dades o la informaci\u00f3 bloquejant aquestes cookies mitjan\u00e7ant la configuraci\u00f3 apropiada del navegador.<\/p>\n<p>No obstant aix\u00f2, has de saber que si ho fas, aquest lloc pot no funcionar adequadament. Per aix\u00f2 \u00e9s important que llegeixis aquesta pol\u00edtica de cookies i comprenguis que si continues navegant, considerem que n&#8217;acceptes l&#8217;\u00fas. <\/p>\n<p>Pots canviar la configuraci\u00f3 del teu navegador per ser avisat de la recepci\u00f3 de cookies al teu dispositiu o desactivar si ho desitges la capacitat d&#8217;emmagatzemar aquestes cookies al dispositiu.<\/p>\n<p>Fins i tot pots revisar ara mateix les teves prefer\u00e8ncies sobre les cookies d&#8217;aquest lloc web al seg\u00fcent bot\u00f3:<\/p>\n<p><button class=\"gdpr-preferences\" style=\"background-color: #3f3f3f; border: none;\" type=\"button\"><a style=\"color: #ffffff;\" href=\"\/#gdpr_cookie_modal\">VULL REVISAR ARA LES MEVES PREFER\u00c8NCIES DE COOKIES<\/a><\/button><\/p>\n<p>A continuaci\u00f3 s&#8217;inclou la taula seg\u00fcent, \u00fanicament com a exemple, amb identificaci\u00f3 de les galetes m\u00e9s rellevants utilitzades en aquest lloc web, aix\u00ed com si s\u00f3n pr\u00f2pies o de tercers i la seva finalitat:<\/p>\n<div style=\"overflow-x: hidden;\">\n<table width=\"667\">\n<tbody>\n<tr>\n<td colspan=\"4\" width=\"950\">Cookies pr\u00f2pies<\/td>\n<\/tr>\n<tr>\n<td width=\"131\">Cookies<\/td>\n<td width=\"273\">Informaci\u00f3 (*)<\/td>\n<td width=\"262\">Finalitat<\/td>\n<td width=\"262\">Caducitat<\/td>\n<\/tr>\n<tr>\n<td width=\"131\">GDPR[CONSENT_TYPES]<\/td>\n<td width=\"273\">Relativa a la RGPD<\/td>\n<td width=\"262\">Recorda els consentiments de les pol\u00edtiques<\/td>\n<td width=\"262\">1 any<\/td>\n<\/tr>\n<tr>\n<td width=\"131\">GDPR[ALLOWED_COOKIES]<\/td>\n<td width=\"273\">Relativa a la RGPD<\/td>\n<td width=\"262\">Recorda el consentiment de les cookies<\/td>\n<td width=\"262\">1 any<\/td>\n<\/tr>\n<tr>\n<td width=\"131\">GDPR%5Bprivacy_bar%5D<\/td>\n<td width=\"273\">Relativa a la RGPD<\/td>\n<td width=\"262\">Recorda si l&#8217;usuari ha acceptat la barra<\/td>\n<td width=\"262\">1 a\u00f1o<\/td>\n<\/tr>\n<\/tbody>\n<\/table>\n<\/div>\n<div style=\"overflow-x: hidden;\">\n<table style=\"display: none;\" width=\"667\">\n<tbody>\n<tr>\n<td colspan=\"4\" width=\"950\">Cookies de tercers<\/td>\n<\/tr>\n<tr>\n<td width=\"131\">Cookies<\/td>\n<td width=\"273\">Informaci\u00f3 (*)<\/td>\n<td width=\"262\">Finalitat<\/td>\n<td width=\"262\">Caducitat<\/td>\n<\/tr>\n<tr>\n<td width=\"131\">_gid<\/td>\n<td width=\"273\">Google Analytics<\/td>\n<td width=\"262\">Se utiliza para distinguir a los visitantes del Sitio web<\/td>\n<td width=\"262\">24 Horas<\/td>\n<\/tr>\n<tr>\n<td width=\"131\">_ga<\/td>\n<td width=\"273\">Google Analytics<\/td>\n<td width=\"262\">Recuerda el idioma del usuario<\/td>\n<td width=\"262\">2 a\u00f1o<\/td>\n<\/tr>\n<tr>\n<td width=\"131\">_gat<\/td>\n<td width=\"273\">Google Analytics<\/td>\n<td width=\"262\">Se utiliza para limitar el porcentaje de solicitudes.<\/td>\n<td width=\"262\">1 minuto<\/td>\n<\/tr>\n<tr>\n<td width=\"131\">_hjid<\/td>\n<td width=\"273\">Hotjar<\/td>\n<td width=\"262\">Esta cookie se establece cuando el cliente llega por primera vez a una p\u00e1gina con el script Hotjar. Se utiliza para conservar la ID de usuario de Hotjar, exclusiva de ese sitio en el navegador. Esto garantiza que el comportamiento en visitas posteriores al mismo sitio se atribuir\u00e1 a la misma ID de usuario.<\/td>\n<td width=\"262\">1 a\u00f1o<\/td>\n<\/tr>\n<tr>\n<td width=\"131\">_hjIncludedInSample<\/td>\n<td width=\"273\">Hotjar<\/td>\n<td width=\"262\">Esta cookie de sesi\u00f3n est\u00e1 configurada para que Hotjar sepa si ese visitante est\u00e1 incluido en la muestra que se utiliza para generar embudos.<\/td>\n<td width=\"262\">1 a\u00f1o<\/td>\n<\/tr>\n<\/tbody>\n<\/table>\n<\/div>\n<p>Tamb\u00e9 hi ha cookies corresponents a les xarxes socials que utilitza aquesta web tenen les seves pr\u00f2pies pol\u00edtiques de cookies.<\/p>\n<ul>\n<li>Cookie de Twitter, segons el que disposa la seva <a href=\"https:\/\/twitter.com\/privacy\" target=\"_blank\" rel=\"nofollow noopener noreferrer\">pol\u00edtica de privadesa i \u00fas de cookies<\/a>.<\/li>\n<li>Cookie de Facebook, segons el que disposa la seva <a href=\"https:\/\/www.facebook.com\/help\/cookies?ref_type=sitefooter\" target=\"_blank\" rel=\"nofollow noopener noreferrer\">pol\u00edtica de Cookies<\/a><\/li>\n<li>Cookie de Google, segons el que disposa la seva <a href=\"https:\/\/policies.google.com\/technologies\/cookies?hl=es-419\" target=\"_blank\" rel=\"nofollow noopener noreferrer\">Pol\u00edtica de privadesa i condicions<\/a><\/li>\n<li>Cookie de Gravatar, segons el que disposa la <a href=\"http:\/\/automattic.com\/privacy\/\" target=\"_blank\" rel=\"nofollow noopener noreferrer\">pol\u00edtica de privadesa de l&#8217;empresa Automattic<\/a>.<\/li>\n<\/ul>\n<h3> <\/h3>\n<h2> <\/h2>\n<h2><span id=\"Como_se_gestionan_las_cookies\">Com es gestionen les <em>galetes<\/em>?<\/span><\/h2>\n<p>Com que les galetes s\u00f3n fitxers de text normals, es poden explorar amb la majoria d&#8217;editors de text o programes de processament de text. Podeu fer clic a una galeta per obrir-la. <\/p>\n<p>A continuaci\u00f3, s&#8217;indica una llista d&#8217;enlla\u00e7os sobre com veure galetes a diferents navegadors. Si utilitzeu un altre navegador, consulteu la informaci\u00f3 sobre cookies al propi navegador. Si utilitzeu un tel\u00e8fon m\u00f2bil, consulteu el manual del dispositiu per obtenir m\u00e9s informaci\u00f3.  <\/p>\n<ul>\n<li>Firefox: <a href=\"https:\/\/support.mozilla.org\/en-US\/kb\/cookies-information-websites-store-on-your-computer\" target=\"_blank\" rel=\"nofollow noopener noreferrer\">Firefox Cookies<\/a><\/li>\n<li>Chrome: <a href=\"https:\/\/support.google.com\/chrome\/bin\/answer.py?hl=en&amp;answer=95647&amp;topic=14666&amp;ctx=topic\" target=\"_blank\" rel=\"nofollow noopener noreferrer\">Google Cookies Support<\/a><\/li>\n<li>Internet Explorer 8-10: <a href=\"http:\/\/windows.microsoft.com\/en-US\/internet-explorer\/delete-manage-cookies\" target=\"_blank\" rel=\"nofollow noopener noreferrer\">Internet Explorer Cookies<\/a><\/li>\n<li>Safari: <a href=\"http:\/\/support.apple.com\/kb\/ph5042\" target=\"_blank\" rel=\"nofollow noopener noreferrer\">Safari Cookies<\/a><\/li>\n<li>Opera: <a href=\"http:\/\/help.opera.com\/Windows\/12.00\/es-ES\/cookies.html\" target=\"_blank\" rel=\"nofollow noopener noreferrer\">Opera Cookies<\/a><\/li>\n<\/ul>\n<h3> <\/h3>\n<h2 id=\"navegadores\"> <\/h2>\n<h2 id=\"navegadores\"><span id=\"Configuracion_de_cookies_para_los_navegadores_mas_populares\">Configuraci\u00f3 de <em>cookies<\/em> per als navegadors m\u00e9s populars<\/span><\/h2>\n<p>A continuaci\u00f3 us indiquem com accedir a una <em>galeta<\/em> determinada del navegador <b>Chrome<\/b>. Nota: aquests passos poden variar en funci\u00f3 de la versi\u00f3 del navegador: <\/p>\n<ol>\n<li>Aneu a Configuraci\u00f3 o Prefer\u00e8ncies mitjan\u00e7ant el men\u00fa Fitxer o b\u00e9 clicant la icona de personalitzaci\u00f3 que apareix a dalt a la dreta.<\/li>\n<li>Veureu diferents seccions, clica l&#8217;opci\u00f3 <em>Mostra opcions avan\u00e7ades<\/em>.<\/li>\n<li>Aneu a <em>Privadesa<\/em>, <em>Configuraci\u00f3 de contingut<\/em>.<\/li>\n<li>Selecciona <em>Totes les galetes i les dades de llocs<\/em>.<\/li>\n<li>Apareixer\u00e0 un llistat amb totes les <em>galetes<\/em> ordenades per domini. Perqu\u00e8 et sigui m\u00e9s f\u00e0cil trobar les <em>galetes<\/em> d&#8217;un determinat domini introdu\u00efu parcialment o totalment l&#8217;adre\u00e7a al camp <em>Cerca galetes<\/em>. <\/li>\n<li>Despr\u00e9s de realitzar aquest filtre apareixeran en pantalla una o diverses l\u00ednies amb les <em>galetes<\/em> del web sol\u00b7licitat. Ara nom\u00e9s heu de seleccionar-la i pr\u00e9mer la <em>X<\/em> per procedir a la seva eliminaci\u00f3. <\/li>\n<\/ol>\n<div> <\/div>\n<p>Per accedir a la configuraci\u00f3 de <em>cookies<\/em> del navegador <b>Internet Explorer<\/b> segueix aquests passos (poden variar en funci\u00f3 de la versi\u00f3 del navegador):<\/p>\n<ol>\n<li>Aneu a <em>Eines<\/em>, <em>Opcions d&#8217;Internet<\/em><\/li>\n<li>Fes clic a <em>Privadesa<\/em>.<\/li>\n<li>Mou el bot\u00f3 lliscant fins a ajustar el nivell de privadesa que desitgis.<\/li>\n<\/ol>\n<div> <\/div>\n<p>Per accedir a la configuraci\u00f3 de <em>cookies<\/em> del navegador <b>Firefox<\/b> segueix aquests passos (poden variar en funci\u00f3 de la versi\u00f3 del navegador):<\/p>\n<ol>\n<li>Aneu a <em>Opcions<\/em> o <em>Prefer\u00e8ncies<\/em> segons el vostre sistema operatiu.<\/li>\n<li>Fes clic a <em>Privadesa<\/em>.<\/li>\n<li>A <em>Historial<\/em> trieu A Historial trieu <em>Usar una configuraci\u00f3 personalitzada per a l&#8217;historial<\/em>.<\/li>\n<li>Ara veur\u00e0s l&#8217;opci\u00f3 <em>Acceptar cookies<\/em>, la pots activar o desactivar segons les teves prefer\u00e8ncies.<\/li>\n<\/ol>\n<div> <\/div>\n<p>Per accedir a la configuraci\u00f3 de <em>cookies<\/em> del navegador <b>Safari per a OSX<\/b> segueix aquests passos (poden variar en funci\u00f3 de la versi\u00f3 del navegador):<\/p>\n<ol>\n<li>Aneu a <em>Prefer\u00e8ncies<\/em>, despr\u00e9s <em>Privadesa<\/em>.<\/li>\n<li>En aquest lloc veur\u00e0s l&#8217;opci\u00f3 <em>Bloquejar cookies<\/em> perqu\u00e8 ajusti el tipus de bloqueig que vols fer.<\/li>\n<\/ol>\n<div> <\/div>\n<p>Per accedir a la configuraci\u00f3 de <em>cookies<\/em> del navegador <b>Safari per a iOS<\/b> segueix aquests passos (poden variar en funci\u00f3 de la versi\u00f3 del navegador):<\/p>\n<ol>\n<li>Ves a <em>Ajustos<\/em>, despr\u00e9s <em>Safari<\/em>.<\/li>\n<li>V\u00e9s a <em>Privadesa i Seguretat<\/em>, veur\u00e0s l&#8217;opci\u00f3 <em>Bloquejar cookies<\/em> perqu\u00e8 ajusti el tipus de bloqueig que vols realitzar.<\/li>\n<\/ol>\n<div> <\/div>\n<p>Per accedir a la configuraci\u00f3 de <em>cookies<\/em> del navegador per a dispositius <b>Android<\/b> segueix aquests passos (poden variar en funci\u00f3 de la versi\u00f3 del navegador):<\/p>\n<ol>\n<li>Executeu el navegador i premeu la tecla <em>Men\u00fa<\/em> i, a continuaci\u00f3, <em>Configuraci\u00f3<\/em>.<\/li>\n<li>V\u00e9s a <em>Seguretat i Privadesa<\/em>, veur\u00e0s l&#8217;opci\u00f3 <em>Acceptar cookies<\/em> perqu\u00e8 activi o desactivi la casella.<\/li>\n<\/ol>\n<div> <\/div>\n<p>Per accedir a la configuraci\u00f3 de <em>cookies<\/em> del navegador per a dispositius <b>Windows Phone<\/b> segueix aquests passos (poden variar en funci\u00f3 de la versi\u00f3 del navegador):<\/p>\n<ol>\n<li>Obre <em>Internet Explorer<\/em>, despr\u00e9s <em>M\u00e9s<\/em>, despr\u00e9s <em>Configuraci\u00f3<\/em><\/li>\n<li>Ara podeu activar o desactivar la casella <em>Permetre cookies<\/em>.<\/li>\n<\/ol>\n<h3> <\/h3>\n<h2> <\/h2>\n<h2><span id=\"Do_Not_Track\">Do Not Track<\/span><\/h2>\n<p>Bisnis ha adequat el lloc web AjudaWP a l&#8217;est\u00e0ndard <a class=\"external external_icon\" href=\"http:\/\/donottrack.us\/\" target=\"_blank\" rel=\"noopener nofollow noreferrer\">Do Not Track<\/a> per garantir m\u00e9s privadesa als usuaris que hagin <a class=\"external external_icon\" href=\"http:\/\/dnt.mozilla.org\/\" target=\"_blank\" rel=\"noopener nofollow noreferrer\">activat aquesta opci\u00f3 al navegador<\/a>.<\/p>\n<p>Aquest lloc web exclou autom\u00e0ticament el seguiment de Google Analytics als usuaris que envi\u00efn la cap\u00e7alera Do Not Track, i \u00e9s compatible amb la seva acceptaci\u00f3 expressa.<\/p>\n<p>Si tens un navegador compatible amb aquest protocol, pots activar-lo per evitar el seguiment per part dels llocs web. A Google Chrome, per exemple, esteu a <em>Configuraci\u00f3 &gt; Avan\u00e7ada &gt; Privadesa i Seguretat &gt; Enviar una sol\u00b7licitud de no seguiment amb el vostre tr\u00e0nsit de navegaci\u00f3.<\/em>. <\/p>\n<div id=\"gallery-4\" class=\"gallery galleryid-852 gallery-columns-2 gallery-size-thumbnail\">\n<dl class=\"gallery-item\">\n<dt class=\"gallery-icon landscape\"><\/dt>\n<dd id=\"gallery-4-89128\" class=\"wp-caption-text gallery-caption\">Activar DNT a Chrome<\/dd>\n<\/dl>\n<dl class=\"gallery-item\">\n<dt class=\"gallery-icon landscape\"><\/dt>\n<dd id=\"gallery-4-89127\" class=\"wp-caption-text gallery-caption\">Confirmar DNT<\/dd>\n<\/dl>\n<\/div>\n<p><em>Si ho desitgeu, podeu inhabilitar el seguiment de Google Analytics mitjan\u00e7ant <\/em><a href=\"https:\/\/tools.google.com\/dlpage\/gaoptout\" target=\"_blank\" rel=\"noopener noreferrer\"><em>aquest complement per al navegador ofert per Google.<\/em><\/a>.<\/p>\n<\/p>\n<h2><span id=\"Notas_adicionales\">Notes addicionals<\/span><\/h2>\n<ul>\n<li>Ni aquesta web ni els seus representants legals es fan responsables ni del contingut ni de la veracitat de les pol\u00edtiques de privadesa que puguin tenir els tercers esmentats en aquesta pol\u00edtica de <em>cookies<\/em>.<\/li>\n<li>Els navegadors web s\u00f3n les eines encarregades d&#8217;emmagatzemar les <em>galetes<\/em> i des d&#8217;aquest lloc ha d&#8217;efectuar el dret a eliminar-lo o desactivar-lo. Ni aquesta web ni els seus representants legals poden garantir la correcta o incorrecta manipulaci\u00f3 de les <em>cookies<\/em> per part dels navegadors esmentats. <\/li>\n<li>En alguns casos \u00e9s necessari instal\u00b7lar <em>cookies<\/em> perqu\u00e8 el navegador no oblidi la teva decisi\u00f3 de no acceptar-les.<\/li>\n<li>Per a qualsevol dubte o consulta sobre aquesta pol\u00edtica de <em>galetes<\/em> no dubtis en comunicar-te amb nosaltres a trav\u00e9s de la secci\u00f3 de contacte.<\/li>\n<\/ul>\n<h3> <\/h3>\n<h2> <\/h2>\n<h2><span id=\"Revisar_mis_preferencias_sobre_cookies_en_este_sitio\">Revisar les meves prefer\u00e8ncies sobre cookies en aquest lloc<\/span><\/h2>\n<p>De nou, et recordo que <strong>sempre pots revisar les teves prefer\u00e8ncies<\/strong> sobre l&#8217;acceptaci\u00f3, o no, de les cookies en aquest lloc web fent clic al seg\u00fcent bot\u00f3:<\/p>\n<p><button class=\"gdpr-preferences\" style=\"background-color: #3f3f3f; border: none;\" type=\"button\"><a style=\"color: #ffffff;\" href=\"\/#gdpr_cookie_modal\">PREFER\u00c8NCIES DE PRIVACITAT<\/a><\/button><\/p>\n\t\t\t\t\t\t<\/div>\n\t\t\t\t<\/div>\n\t\t\t\t<\/div>\n\t\t\t\t\t\t\t<\/div>\n\t\t","protected":false},"excerpt":{"rendered":"<p>Pol\u00edtica de cookies Qu\u00e8 \u00e9s una galeta? Una galeta \u00e9s un fitxer inofensiu que es descarrega al vostre ordinador en accedir a determinades p\u00e0gines web. Les galetes permeten a una p\u00e0gina web, entre altres coses, emmagatzemar i recuperar informaci\u00f3 sobre els h\u00e0bits de navegaci\u00f3 d&#8217;un usuari o del seu equip i, depenent de la informaci\u00f3 [&hellip;]<\/p>\n","protected":false},"author":2,"featured_media":0,"parent":0,"menu_order":0,"comment_status":"closed","ping_status":"closed","template":"","meta":{"footnotes":""},"_links":{"self":[{"href":"https:\/\/www.h-result.es\/ca\/wp-json\/wp\/v2\/pages\/516"}],"collection":[{"href":"https:\/\/www.h-result.es\/ca\/wp-json\/wp\/v2\/pages"}],"about":[{"href":"https:\/\/www.h-result.es\/ca\/wp-json\/wp\/v2\/types\/page"}],"author":[{"embeddable":true,"href":"https:\/\/www.h-result.es\/ca\/wp-json\/wp\/v2\/users\/2"}],"replies":[{"embeddable":true,"href":"https:\/\/www.h-result.es\/ca\/wp-json\/wp\/v2\/comments?post=516"}],"version-history":[{"count":1,"href":"https:\/\/www.h-result.es\/ca\/wp-json\/wp\/v2\/pages\/516\/revisions"}],"predecessor-version":[{"id":517,"href":"https:\/\/www.h-result.es\/ca\/wp-json\/wp\/v2\/pages\/516\/revisions\/517"}],"wp:attachment":[{"href":"https:\/\/www.h-result.es\/ca\/wp-json\/wp\/v2\/media?parent=516"}],"curies":[{"name":"wp","href":"https:\/\/api.w.org\/{rel}","templated":true}]}}