{"id":508,"date":"2023-09-13T08:05:44","date_gmt":"2023-09-13T08:05:44","guid":{"rendered":"https:\/\/www.h-result.es\/avis-legal\/"},"modified":"2023-10-04T09:46:52","modified_gmt":"2023-10-04T09:46:52","slug":"avis-legal","status":"publish","type":"page","link":"https:\/\/www.h-result.es\/ca\/avis-legal\/","title":{"rendered":"Av\u00eds legal"},"content":{"rendered":"\t\t<div data-elementor-type=\"wp-page\" data-elementor-id=\"508\" class=\"elementor elementor-508 elementor-319\" data-elementor-post-type=\"page\">\n\t\t\t\t\t\t\t<div class=\"elementor-element elementor-element-403865d e-con-full e-flex e-con\" data-id=\"403865d\" data-element_type=\"container\" data-settings=\"{&quot;content_width&quot;:&quot;full&quot;,&quot;background_background&quot;:&quot;classic&quot;}\">\n\t\t\t\t<div class=\"elementor-element elementor-element-ff66990 elementor-widget elementor-widget-heading\" data-id=\"ff66990\" data-element_type=\"widget\" data-widget_type=\"heading.default\">\n\t\t\t\t<div class=\"elementor-widget-container\">\n\t\t\t<style>\/*! elementor - v3.15.0 - 20-08-2023 *\/\n.elementor-heading-title{padding:0;margin:0;line-height:1}.elementor-widget-heading .elementor-heading-title[class*=elementor-size-]>a{color:inherit;font-size:inherit;line-height:inherit}.elementor-widget-heading .elementor-heading-title.elementor-size-small{font-size:15px}.elementor-widget-heading .elementor-heading-title.elementor-size-medium{font-size:19px}.elementor-widget-heading .elementor-heading-title.elementor-size-large{font-size:29px}.elementor-widget-heading .elementor-heading-title.elementor-size-xl{font-size:39px}.elementor-widget-heading .elementor-heading-title.elementor-size-xxl{font-size:59px}<\/style><h1 class=\"elementor-heading-title elementor-size-default\">Av\u00eds legal<\/h1>\t\t<\/div>\n\t\t\t\t<\/div>\n\t\t\t\t<\/div>\n\t\t<div class=\"elementor-element elementor-element-07173e0 e-con-full e-flex e-con\" data-id=\"07173e0\" data-element_type=\"container\" data-settings=\"{&quot;content_width&quot;:&quot;full&quot;}\">\n\t\t\t\t<div class=\"elementor-element elementor-element-9af64ac elementor-widget elementor-widget-text-editor\" data-id=\"9af64ac\" data-element_type=\"widget\" data-widget_type=\"text-editor.default\">\n\t\t\t\t<div class=\"elementor-widget-container\">\n\t\t\t<style>\/*! elementor - v3.15.0 - 20-08-2023 *\/\n.elementor-widget-text-editor.elementor-drop-cap-view-stacked .elementor-drop-cap{background-color:#69727d;color:#fff}.elementor-widget-text-editor.elementor-drop-cap-view-framed .elementor-drop-cap{color:#69727d;border:3px solid;background-color:transparent}.elementor-widget-text-editor:not(.elementor-drop-cap-view-default) .elementor-drop-cap{margin-top:8px}.elementor-widget-text-editor:not(.elementor-drop-cap-view-default) .elementor-drop-cap-letter{width:1em;height:1em}.elementor-widget-text-editor .elementor-drop-cap{float:left;text-align:center;line-height:1;font-size:50px}.elementor-widget-text-editor .elementor-drop-cap-letter{display:inline-block}<\/style>\t\t\t\t<p>Per tal de donar compliment a l&#8217;article 10 de la Llei 34\/2002 de Serveis de la Societat de la Informaci\u00f3 i del Comer\u00e7 Electr\u00f2nic, informem els usuaris de les nostres dades:<\/p>\n<p>Denominaci\u00f3 social: Very Clever S.L.<\/p>\n<p>NIF: B65537268<\/p>\n<p>Tel\u00e8fon: 609319959<\/p>\n<p>E-Mail: <a href=\"mailto:jordi@h-result.es\">jordi@h-result.es<\/a><\/p>\n<p>Lloc Web: <a href=\"https:\/\/www.h-result.es\/ca\/\">https:\/\/www.h-result.es\/<\/a><\/p>\n<\/p>\n<h3><strong> <\/strong><strong>1. OBJECTE<\/strong><\/h3>\n<p>Very Clever S.L. (d&#8217;ara endavant tamb\u00e9 el prestador) com a responsable del lloc web, posa a disposici\u00f3 dels usuaris aquest document, que regula l&#8217;\u00fas del lloc web <a href=\"https:\/\/www.h-result.es\/ca\/\">www.h-result.es<\/a>amb el qual pretenem donar compliment a les obligacions que disposa la Llei 34\/2002, de Serveis de la Societat de la Informaci\u00f3 i del Comer\u00e7 Electr\u00f2nic (LSSICE o LSSI), aix\u00ed com informar tots els usuaris del lloc web respecte de quines s\u00f3n les condicions d\u00fas del lloc web.<\/p>\n<p>A trav\u00e9s de la Web, <strong>el prestador<\/strong> facilita als usuaris l&#8217;acc\u00e9s i la utilitzaci\u00f3 de diferents serveis i continguts posats a disposici\u00f3 a trav\u00e9s del web.<\/p>\n<p>Tota persona que accedeixi a aquesta web assumeix el paper d&#8217;usuari (d&#8217;ara endavant l&#8217;usuari), i implica l&#8217;acceptaci\u00f3 total i sense reserves de totes i cadascuna de les disposicions incloses en aquest av\u00eds legal, aix\u00ed com qualsevol altra disposici\u00f3 legal que fos daplicaci\u00f3.<\/p>\n<p>Com a usuaris, han de llegir atentament aquest Av\u00eds Legal en qualsevol de les ocasions que entrin a la web, ja que aquesta pot patir modificacions ja que el prestador es reserva el dret a modificar qualsevol tipus d&#8217;informaci\u00f3 que pogu\u00e9s apar\u00e8ixer a la web, sense que existeixi l&#8217;obligaci\u00f3 de pre-avisar o posar en coneixement dels usuaris aquestes obligacions, i \u00e9s suficient la publicaci\u00f3 al lloc web del prestador.<\/p>\n<\/p>\n<h3><strong>2. CONDICIONS<\/strong><strong style=\"color: inherit; font-family: inherit; font-size: 1.75rem; text-align: var(--text-align);\"> D&#8217;ACC\u00c9S I \u00daS DE LA WEB.<\/strong><\/h3>\n<div><strong> <\/strong><\/div>\n<h5><strong>2.1. Car\u00e0cter gratu\u00eft de l&#8217;acc\u00e9s i l&#8217;\u00fas de la web. <\/strong><\/h5>\n<p>La prestaci\u00f3 dels serveis per part de <strong>el prestador<\/strong> t\u00e9 car\u00e0cter gratu\u00eft per a tots els Usuaris. Aix\u00f2 no obstant, alguns dels serveis subministrats pel prestador a trav\u00e9s del web podrien estar subjectes al pagament d&#8217;un preu determinat a les condicions generals de contractaci\u00f3. <\/p>\n<h5><strong>2.2. Registre d&#8217;usuari. <\/strong><\/h5>\n<p>Amb car\u00e0cter general la prestaci\u00f3 dels serveis no exigeix la pr\u00e8via subscripci\u00f3 o registre dels usuaris. Tot i aix\u00ed, <strong>el prestador<\/strong> condiciona l&#8217;\u00fas d&#8217;alguns dels serveis a la complementaci\u00f3 pr\u00e8via del corresponent registre d&#8217;usuari o formulari de contacte. Aquest registre s&#8217;efectuar\u00e0 en la forma expressament indicada a la pr\u00f2pia secci\u00f3 del servei.  <\/p>\n<h5><strong>2.3. Veracitat de la informaci\u00f3. <\/strong><\/h5>\n<p>Tota la informaci\u00f3 que facilita l&#8217;usuari ha de ser vera\u00e7. A aquest efecte, l&#8217;usuari garanteix l&#8217;autenticitat de les dades comunicades a trav\u00e9s dels formularis per a la subscripci\u00f3 dels serveis. Ser\u00e0 responsabilitat de l&#8217;Usuari mantenir tota la informaci\u00f3 facilitada <strong>al prestador<\/strong> permanentment actualitzada de manera que respongui, a cada moment, a la seva situaci\u00f3 real. En tot cas, l&#8217;Usuari ser\u00e0 l&#8217;\u00fanic responsable de les manifestacions falses o inexactes que faci i dels perjudicis que causi el prestador o tercers.   <\/p>\n<h5><strong>2.4. Menors dedat. <\/strong><\/h5>\n<p>Per a l\u00fas dels serveis, els menors dedat han dobtenir sempre pr\u00e8viament el consentiment dels pares, tutors o representants legals, responsables \u00faltims de tots els actes realitzats pels menors al seu c\u00e0rrec. La responsabilitat en la determinaci\u00f3 de continguts concrets als quals accedeixen els menors correspon a aquells, \u00e9s per aix\u00f2 que si accedeixen a continguts no apropiats per Internet, s&#8217;hauran d&#8217;establir als seus ordinadors mecanismes, en particular programes inform\u00e0tics, filtres i bloquejos, que permetin limitar els continguts disponibles i, tot i que no siguin infal\u00b7libles, s\u00f3n d&#8217;especial utilitat per controlar i restringir els materials a qu\u00e8 poden accedir els menors. <\/p>\n<h5><strong>2.5. Obligaci\u00f3 de fer un \u00fas correcte de la web.<\/strong><\/h5>\n<p>L&#8217;Usuari es compromet a utilitzar la Web de conformitat a la Llei i al present Av\u00eds Legal, aix\u00ed com a la moral i als bons costums. A aquest efecte, l&#8217;Usuari s&#8217;abstindr\u00e0 d&#8217;utilitzar la p\u00e0gina amb finalitats il\u00b7l\u00edcites o prohibides, lesives de drets i interessos de tercers, o que de qualsevol manera puguin danyar, inutilitzar, sobrecarregar, deteriorar o impedir la utilitzaci\u00f3 normal d&#8217;equips inform\u00e0tics o documents, arxius i tota mena de continguts emmagatzemats en qualsevol equip inform\u00e0tic del prestador. <\/p>\n<p>En particular, ia t\u00edtol indicatiu per\u00f2 no exhaustiu, l&#8217;Usuari es compromet a no transmetre, difondre o posar a disposici\u00f3 de tercers informacions, dades, continguts, missatges, gr\u00e0fics, dibuixos, arxius de so o imatge, fotografies, enregistraments, programari i, en general, qualsevol classe de material que:<\/p>\n<p>(a) sigui contr\u00e0ria, menysprea o atempti contra els drets fonamentals i les llibertats p\u00fabliques reconegudes constitucionalment, en tractats internacionals i altres normes vigents;<\/p>\n<p>(b) indueixi, inciti o promogui actuacions delictives, denigrants, difamat\u00f2ries, violentes o, en general, contr\u00e0ries a la llei, a la moral ia l&#8217;ordre p\u00fablic;<\/p>\n<p>(c) indueixi, inciti o promogui actuacions, actituds o pensaments discriminatoris per ra\u00f3 de sexe, ra\u00e7a, religi\u00f3, creences, edat o condici\u00f3;<\/p>\n<p>(d) sigui contrari al dret a l&#8217;honor, a la intimitat personal o familiar oa la pr\u00f2pia imatge de les persones;<\/p>\n<p>(e) de qualsevol manera perjudiqui la credibilitat del prestador o de tercers; i<\/p>\n<p>(f) constitueixi publicitat il\u00b7l\u00edcita, enganyosa o deslleial.<\/p>\n<\/p>\n<h3><strong>3. EXCLUSI\u00d3 DE GARANTIES I RESPONSABILITAT<\/strong><\/h3>\n<p>El prestador s&#8217;eximeix de qualsevol tipus de responsabilitat derivada de la informaci\u00f3 publicada al nostre lloc web, sempre que aquesta informaci\u00f3 hagi estat manipulada o introdu\u00efda per un tercer ali\u00e8.<\/p>\n<p>Aquesta web ha estat revisada i provada perqu\u00e8 funcioni correctament. En principi, es pot garantir el funcionament correcte els 365 dies de l&#8217;any, 24 hores al dia. Tot i aix\u00f2, el prestador no descarta la possibilitat que hi hagi determinats errors de programaci\u00f3, o que succeeixin causes de for\u00e7a major, cat\u00e0strofes naturals, vagues, o circumst\u00e0ncies semblants que facin impossible l&#8217;acc\u00e9s a la p\u00e0gina web.  <\/p>\n<p><strong>El prestador<\/strong> no atorga cap garantia ni es fa responsable, en cap cas, dels danys i perjudicis de qualsevol naturalesa que puguin sortir a col\u00b7laci\u00f3 de la manca de disponibilitat, manteniment i efectiu funcionament de la web o dels seus serveis i continguts; de l&#8217;exist\u00e8ncia de virus, programes maliciosos o lesius als continguts; de l&#8217;\u00fas il\u00b7l\u00edcit, negligent, fraudulent o contrari a aquest Av\u00eds Legal i condicions d&#8217;\u00fas; o de La manca de licitud, qualitat, fiabilitat, utilitat i disponibilitat dels serveis prestats per tercers i posats a disposici\u00f3 dels usuaris al lloc web.<\/p>\n<p>El prestador no es fa responsable sota cap concepte dels danys que puguin dimanar de l\u00fas il\u00b7legal o indegut de la present p\u00e0gina web.<\/p>\n<\/p>\n<h3><strong>4. COOKIES<\/strong><\/h3>\n<p>El lloc web del prestador pot utilitzar cookies (petits fitxers d&#8217;informaci\u00f3 que el servidor envia a l&#8217;ordinador de qui accedeix a la p\u00e0gina) per dur a terme determinades funcions que s\u00f3n considerades imprescindibles per al correcte funcionament i visualitzaci\u00f3 del lloc. Les galetes utilitzades tenen, en tot cas, car\u00e0cter temporal, amb l&#8217;\u00fanica finalitat de fer m\u00e9s efica\u00e7 la navegaci\u00f3, i desapareixen en acabar la sessi\u00f3 de l&#8217;usuari. <\/p>\n<p>En cap cas no s&#8217;utilitzaran les cookies per recollir informaci\u00f3 de car\u00e0cter personal. Per a m\u00e9s informaci\u00f3, vegeu la nostra <a href=\"https:\/\/h-result.es\/ca\/politica-de-cookies\/\" target=\"_blank\" rel=\"noopener\">Pol\u00edtica de Cookies<\/a>. <\/p>\n<\/p>\n<h3><strong>5. ENLLA\u00c7OS (LINKS)<\/strong><\/h3>\n<p>Des del lloc web \u00e9s possible que es redirigeixi a continguts de terceres webs. At\u00e8s que des del web no podem controlar sempre els continguts introdu\u00efts pels tercers, <strong>el prestador<\/strong> no assumeix cap mena de responsabilitat respecte a aquests continguts.  En tot cas, el prestador manifesta que procedir\u00e0 a la retirada immediata de qualsevol contingut que pogu\u00e9s contravenir la legislaci\u00f3 nacional o internacional, la moral o l&#8217;ordre p\u00fablic, procedint a la retirada immediata de la re-direcci\u00f3 a aquestes webs, posant en coneixement de les autoritats competents el contingut en q\u00fcesti\u00f3.<\/p>\n<p>El prestador no es responsabilitza de la informaci\u00f3 i continguts emmagatzemats, a t\u00edtol enunciatiu per\u00f2 no limitant, en f\u00f2rums, xats, generadors de blocs, comentaris, xarxes socials o qualsevol altre mitj\u00e0 que permeti a tercers publicar continguts de forma independent a la p\u00e0gina web del prestador. Tot i aix\u00f2 i en compliment del que disposa l&#8217;art. 11 i 16 de la LSSICE, el prestador es posa a disposici\u00f3 de tots els usuaris, autoritats i forces de seguretat, i col\u00b7laborant de forma activa en la retirada o, quan calgui, el bloqueig de tots aquells continguts que puguin afectar o contravenir la legislaci\u00f3 nacional, o internacional, drets de tercers o la moral i lordre p\u00fablic. En cas que l&#8217;usuari consideri que pot existir algun contingut que pogu\u00e9s ser susceptible d&#8217;aquesta classificaci\u00f3, es prega que ho notifiqui de manera immediata a l&#8217;administrador del lloc web.  <\/p>\n<\/p>\n<h3><strong>6. PROTECCI\u00d3 DE DADES PERSONALS<\/strong><\/h3>\n<p>El prestador est\u00e0 profundament comprom\u00e8s amb el compliment de la normativa de protecci\u00f3 de dades personals i garanteix el compliment \u00edntegre de les obligacions disposades, aix\u00ed com la implementaci\u00f3 de les mesures de seguretat disposades al Reglament Europeu de Protecci\u00f3 de dades i la normativa espanyola de protecci\u00f3 de dades dades. Per a m\u00e9s informaci\u00f3, vegeu la nostra <a href=\"https:\/\/h-result.es\/ca\/politica-de-privacitat\/\" target=\"_blank\" rel=\"noopener\">Pol\u00edtica de Privadesa<\/a>. <\/p>\n<\/p>\n<h3><strong>7. PROPIETAT INTEL\u00b7LECTUAL I INDUSTRIAL<\/strong><\/h3>\n<p>El lloc web, incloent-hi a t\u00edtol enunciatiu per\u00f2 no limitatiu la programaci\u00f3, edici\u00f3, compilaci\u00f3 i altres elements necessaris per al seu funcionament, els dissenys, logotips, textos, fotografies i\/o gr\u00e0fics s\u00f3n propietat del prestador o, en cas que fos necessari, disposa de la llic\u00e8ncia o autoritzaci\u00f3 expressa per part dels autors. Tots els continguts del lloc web estan degudament protegits per la normativa de propietat intel\u00b7lectual i industrial. <\/p>\n<p>Independentment de la finalitat per la qual fossin destinats, la reproducci\u00f3 total o parcial, \u00fas, distribuci\u00f3 i comunicaci\u00f3 p\u00fablica requereixen l&#8217;autoritzaci\u00f3 escrita pr\u00e8via per part del prestador. Qualsevol \u00fas no autoritzat pr\u00e8viament per part del prestador ser\u00e0 considerat un incompliment greu dels drets de propietat intel\u00b7lectual o industrial de l&#8217;autor. <\/p>\n<p>Els dissenys, logotips, textos i\/o gr\u00e0fics aliens al prestador i que puguin apar\u00e8ixer al lloc web, pertanyen als seus respectius propietaris, sent ells mateixos els responsables de qualsevol possible controv\u00e8rsia que pogu\u00e9s esdevenir respecte d&#8217;aquests. En tot cas, el prestador compta amb lautoritzaci\u00f3 expressa i pr\u00e8via per part dels mateixos. <\/p>\n<p>El prestador reconeix a favor dels seus titulars els corresponents drets de propietat industrial i intel\u00b7lectual, i no implica la menci\u00f3 o aparici\u00f3 al lloc web, de l&#8217;exist\u00e8ncia de drets o cap responsabilitat del prestador sobre aquests, com tampoc suport, patrocini o recomanaci\u00f3 per part del mateix.<\/p>\n<p>Per fer qualsevol tipus d&#8217;observaci\u00f3 respecte a possibles incompliments dels drets de propietat intel\u00b7lectual o industrial, aix\u00ed com sobre qualsevol dels continguts del lloc web, ho podeu fer a trav\u00e9s del correu electr\u00f2nic a dalt ressenyat.<\/p>\n<\/p>\n<h3><strong>8. LLEI APLICABLE I JURISDICCI\u00d3<\/strong><\/h3>\n<p>Per a la resoluci\u00f3 de les controv\u00e8rsies o q\u00fcestions relacionades amb aquesta p\u00e0gina web o de les activitats en aquesta desenvolupades, ser\u00e0 aplicable la legislaci\u00f3 espanyola, a la qual se sotmeten expressament les parts, sent competents per la resoluci\u00f3 de tots els conflictes derivats o relacionats amb el seu \u00fas els Jutjats i els Tribunals de Barcelona.<\/p>\n\t\t\t\t\t\t<\/div>\n\t\t\t\t<\/div>\n\t\t\t\t<\/div>\n\t\t\t\t\t\t\t<\/div>\n\t\t","protected":false},"excerpt":{"rendered":"<p>Av\u00eds legal Per tal de donar compliment a l&#8217;article 10 de la Llei 34\/2002 de Serveis de la Societat de la Informaci\u00f3 i del Comer\u00e7 Electr\u00f2nic, informem els usuaris de les nostres dades: Denominaci\u00f3 social: Very Clever S.L. NIF: B65537268 Tel\u00e8fon: 609319959 E-Mail: jordi@h-result.es Lloc Web: https:\/\/www.h-result.es\/ 1. OBJECTE Very Clever S.L. (d&#8217;ara endavant tamb\u00e9 [&hellip;]<\/p>\n","protected":false},"author":2,"featured_media":0,"parent":0,"menu_order":0,"comment_status":"closed","ping_status":"closed","template":"","meta":{"footnotes":""},"_links":{"self":[{"href":"https:\/\/www.h-result.es\/ca\/wp-json\/wp\/v2\/pages\/508"}],"collection":[{"href":"https:\/\/www.h-result.es\/ca\/wp-json\/wp\/v2\/pages"}],"about":[{"href":"https:\/\/www.h-result.es\/ca\/wp-json\/wp\/v2\/types\/page"}],"author":[{"embeddable":true,"href":"https:\/\/www.h-result.es\/ca\/wp-json\/wp\/v2\/users\/2"}],"replies":[{"embeddable":true,"href":"https:\/\/www.h-result.es\/ca\/wp-json\/wp\/v2\/comments?post=508"}],"version-history":[{"count":4,"href":"https:\/\/www.h-result.es\/ca\/wp-json\/wp\/v2\/pages\/508\/revisions"}],"predecessor-version":[{"id":515,"href":"https:\/\/www.h-result.es\/ca\/wp-json\/wp\/v2\/pages\/508\/revisions\/515"}],"wp:attachment":[{"href":"https:\/\/www.h-result.es\/ca\/wp-json\/wp\/v2\/media?parent=508"}],"curies":[{"name":"wp","href":"https:\/\/api.w.org\/{rel}","templated":true}]}}