{"id":506,"date":"2023-09-14T11:36:58","date_gmt":"2023-09-14T11:36:58","guid":{"rendered":"https:\/\/www.h-result.es\/accesibilitat\/"},"modified":"2023-10-04T09:24:00","modified_gmt":"2023-10-04T09:24:00","slug":"accesibilitat","status":"publish","type":"page","link":"https:\/\/www.h-result.es\/ca\/accesibilitat\/","title":{"rendered":"Accesibilitat"},"content":{"rendered":"\t\t<div data-elementor-type=\"wp-page\" data-elementor-id=\"506\" class=\"elementor elementor-506 elementor-375\" data-elementor-post-type=\"page\">\n\t\t\t\t\t\t\t<div class=\"elementor-element elementor-element-4b8604f e-con-full e-flex e-con\" data-id=\"4b8604f\" data-element_type=\"container\" data-settings=\"{&quot;content_width&quot;:&quot;full&quot;,&quot;background_background&quot;:&quot;classic&quot;}\">\n\t\t\t\t<div class=\"elementor-element elementor-element-b28bb42 elementor-widget elementor-widget-heading\" data-id=\"b28bb42\" data-element_type=\"widget\" data-widget_type=\"heading.default\">\n\t\t\t\t<div class=\"elementor-widget-container\">\n\t\t\t<style>\/*! elementor - v3.15.0 - 20-08-2023 *\/\n.elementor-heading-title{padding:0;margin:0;line-height:1}.elementor-widget-heading .elementor-heading-title[class*=elementor-size-]>a{color:inherit;font-size:inherit;line-height:inherit}.elementor-widget-heading .elementor-heading-title.elementor-size-small{font-size:15px}.elementor-widget-heading .elementor-heading-title.elementor-size-medium{font-size:19px}.elementor-widget-heading .elementor-heading-title.elementor-size-large{font-size:29px}.elementor-widget-heading .elementor-heading-title.elementor-size-xl{font-size:39px}.elementor-widget-heading .elementor-heading-title.elementor-size-xxl{font-size:59px}<\/style><h1 class=\"elementor-heading-title elementor-size-default\">Accesibilitat<\/h1>\t\t<\/div>\n\t\t\t\t<\/div>\n\t\t\t\t<\/div>\n\t\t<div class=\"elementor-element elementor-element-627ddc7 e-con-full e-flex e-con\" data-id=\"627ddc7\" data-element_type=\"container\" data-settings=\"{&quot;content_width&quot;:&quot;full&quot;}\">\n\t\t\t\t<div class=\"elementor-element elementor-element-edb0cdc elementor-widget elementor-widget-text-editor\" data-id=\"edb0cdc\" data-element_type=\"widget\" data-widget_type=\"text-editor.default\">\n\t\t\t\t<div class=\"elementor-widget-container\">\n\t\t\t<style>\/*! elementor - v3.15.0 - 20-08-2023 *\/\n.elementor-widget-text-editor.elementor-drop-cap-view-stacked .elementor-drop-cap{background-color:#69727d;color:#fff}.elementor-widget-text-editor.elementor-drop-cap-view-framed .elementor-drop-cap{color:#69727d;border:3px solid;background-color:transparent}.elementor-widget-text-editor:not(.elementor-drop-cap-view-default) .elementor-drop-cap{margin-top:8px}.elementor-widget-text-editor:not(.elementor-drop-cap-view-default) .elementor-drop-cap-letter{width:1em;height:1em}.elementor-widget-text-editor .elementor-drop-cap{float:left;text-align:center;line-height:1;font-size:50px}.elementor-widget-text-editor .elementor-drop-cap-letter{display:inline-block}<\/style>\t\t\t\t<p><b>VERY CLEVER S.L. s&#8217;ha comprom\u00e8s a fer accessible el seu lloc web de conformitat amb el <\/b><a title=\"Veure Reial Decret\" href=\"https:\/\/www.boe.es\/diario_boe\/txt.php?id=BOE-A-2018-12699\" target=\"_blank\" rel=\"noopener\"><b><u>Reial Decret 1112\/2018<\/u><\/b><\/a><b>, sobre accessibilitat dels llocs webs i aplicacions per a dispositius m\u00f2bils del sector p\u00fablic.<\/b><\/p>\n<p>La present declaraci\u00f3 d&#8217;accessibilitat s&#8217;aplica al lloc web www.h-result.es.<\/p>\n<h2>&nbsp;<\/h2>\n<h2>SITUACI\u00d3 DE COMPLIMIENT<\/h2>\n<p>Aquest lloc web \u00e9s parcialment conforme amb el&nbsp;<a title=\"Veure Reial Decret\" href=\"https:\/\/www.boe.es\/diario_boe\/txt.php?id=BOE-A-2018-12699\" target=\"_blank\" rel=\"noopener\"><u>RD 1112\/2018<\/u><\/a>&nbsp;a causa de la manca de conformitat dels aspectes que s&#8217;indiquen a continuaci\u00f3.<\/p>\n<h3>&nbsp;<\/h3>\n<h3>Contingut no accessible<\/h3>\n<p>El contingut que es recull a continuaci\u00f3 no \u00e9s accessible pel seg\u00fcent:<\/p>\n<h3>&nbsp;<\/h3>\n<h3>Manca de conformitat amb el RD 1112\/2018<\/h3>\n<ul>\n<li>Es poden trobar imatges sense que acompanyi text explicatiu.<\/li>\n<li>Es poden trobar encara nidaments incorrectes d&#8217;etiquetes.<\/li>\n<li>Podrien haver-hi errors d&#8217;edici\u00f3 a la p\u00e0gina web.<\/li>\n<\/ul>\n<h3>&nbsp;<\/h3>\n<h3>C\u00e0rrega desproporcionada<\/h3>\n<ul>\n<li>No s&#8217;aplica.<\/li>\n<\/ul>\n<div>&nbsp;<\/div>\n<p>Aquesta declaraci\u00f3 va ser preparada el 26 d&#8217;abril del 2023.<\/p>\n<p>El m\u00e8tode emprat per preparar la declaraci\u00f3 ha estat una autoavaluaci\u00f3 duta a terme per lequip d&#8217;accessibilitat.<\/p>\n<p>\u00daltima revisi\u00f3 de la declaraci\u00f3: 05 de gener de 2023.<\/p>\n<h2>&nbsp;<\/h2>\n<h2>Observacions i dades de contacte<\/h2>\n<p>Podeu realitzar comunicacions sobre requisits d&#8217;accessibilitat (article 10.2.a) del RD 1112\/2018) com per exemple:<\/p>\n<ul>\n<li>Informar sobre qualsevol possible incompliment per part daquest lloc web.<\/li>\n<li>Transmetre altres dificultats d&#8217;acc\u00e9s al contingut.<\/li>\n<li>Formular qualsevol altra consulta o suggeriment de millora relativa a l&#8217;accessibilitat del lloc web.<\/li>\n<\/ul>\n<p>A trav\u00e9s de la nostra b\u00fastia de suggeriments <a href=\"mailto:jordi@h-result.es\">jordi@h-result.es<\/a>, o trucant al tel\u00e8fon 609319959.<\/p>\n<p>Les comunicacions seran rebudes i tractades per l&#8217;equip d&#8217;Accessibilitat.<\/p>\t\t\t\t\t\t<\/div>\n\t\t\t\t<\/div>\n\t\t\t\t<\/div>\n\t\t\t\t\t\t\t<\/div>\n\t\t","protected":false},"excerpt":{"rendered":"<p>Accesibilitat VERY CLEVER S.L. s&#8217;ha comprom\u00e8s a fer accessible el seu lloc web de conformitat amb el Reial Decret 1112\/2018, sobre accessibilitat dels llocs webs i aplicacions per a dispositius m\u00f2bils del sector p\u00fablic. La present declaraci\u00f3 d&#8217;accessibilitat s&#8217;aplica al lloc web www.h-result.es. &nbsp; SITUACI\u00d3 DE COMPLIMIENT Aquest lloc web \u00e9s parcialment conforme amb el&nbsp;RD [&hellip;]<\/p>\n","protected":false},"author":2,"featured_media":0,"parent":0,"menu_order":0,"comment_status":"closed","ping_status":"closed","template":"","meta":{"footnotes":""},"_links":{"self":[{"href":"https:\/\/www.h-result.es\/ca\/wp-json\/wp\/v2\/pages\/506"}],"collection":[{"href":"https:\/\/www.h-result.es\/ca\/wp-json\/wp\/v2\/pages"}],"about":[{"href":"https:\/\/www.h-result.es\/ca\/wp-json\/wp\/v2\/types\/page"}],"author":[{"embeddable":true,"href":"https:\/\/www.h-result.es\/ca\/wp-json\/wp\/v2\/users\/2"}],"replies":[{"embeddable":true,"href":"https:\/\/www.h-result.es\/ca\/wp-json\/wp\/v2\/comments?post=506"}],"version-history":[{"count":1,"href":"https:\/\/www.h-result.es\/ca\/wp-json\/wp\/v2\/pages\/506\/revisions"}],"predecessor-version":[{"id":507,"href":"https:\/\/www.h-result.es\/ca\/wp-json\/wp\/v2\/pages\/506\/revisions\/507"}],"wp:attachment":[{"href":"https:\/\/www.h-result.es\/ca\/wp-json\/wp\/v2\/media?parent=506"}],"curies":[{"name":"wp","href":"https:\/\/api.w.org\/{rel}","templated":true}]}}